{"id":151,"date":"2022-10-11T20:01:21","date_gmt":"2022-10-11T17:01:21","guid":{"rendered":"https:\/\/nosafco.com\/?page_id=151"},"modified":"2022-10-24T12:27:34","modified_gmt":"2022-10-24T09:27:34","slug":"nos-buts","status":"publish","type":"page","link":"https:\/\/nosafco.com\/?page_id=151&lang=fr","title":{"rendered":"Aliments"},"content":{"rendered":"\n<p class=\"has-text-align-left\"><img loading=\"lazy\" decoding=\"async\" width=\"500\" height=\"281\" class=\"wp-image-539\" style=\"width: 500px;\" src=\"https:\/\/nosafco.com\/wp-content\/uploads\/2022\/10\/nosafco-foods.jpg\" alt=\"\" srcset=\"https:\/\/nosafco.com\/wp-content\/uploads\/2022\/10\/nosafco-foods.jpg 555w, https:\/\/nosafco.com\/wp-content\/uploads\/2022\/10\/nosafco-foods-300x169.jpg 300w\" sizes=\"auto, (max-width: 500px) 100vw, 500px\" \/><\/p>\n\n\n\n<p class=\"has-text-align-left\">Les Produits Alimentaires sont le pilier du commerce dans toutes les r\u00e9gions du globe et au vu de son besoin constant surtout dans les pays \u00e0 forte densit\u00e9 de population, et Parmi les produits les plus importants que nous importons ou exportons sont:<\/p>\n\n\n\n<p class=\"has-text-align-left\">Riz &#8211; sucre &#8211; huile &#8211; bl\u00e9 &#8211; ma\u00efs &#8211; s\u00e9same &#8211; cacao &#8211; amandes &#8211; produits &#8211; c\u00e9r\u00e9aliers &#8211; sauce &#8211; viande &#8211; jus en conserve .<\/p>\n","protected":false},"excerpt":{"rendered":"<p>Les Produits Alimentaires sont le pilier du commerce dans toutes les r\u00e9gions du globe et au vu de son besoin constant surtout dans les pays \u00e0 forte densit\u00e9 de population, et Parmi les produits les plus importants que nous importons ou exportons sont: Riz &#8211; sucre &#8211; huile &#8211; bl\u00e9 &#8211; ma\u00efs &#8211; s\u00e9same &#8211; [&hellip;]<\/p>\n","protected":false},"author":1,"featured_media":222,"parent":0,"menu_order":0,"comment_status":"closed","ping_status":"closed","template":"","meta":{"footnotes":""},"class_list":["post-151","page","type-page","status-publish","has-post-thumbnail","hentry"],"_links":{"self":[{"href":"https:\/\/nosafco.com\/index.php?rest_route=\/wp\/v2\/pages\/151","targetHints":{"allow":["GET"]}}],"collection":[{"href":"https:\/\/nosafco.com\/index.php?rest_route=\/wp\/v2\/pages"}],"about":[{"href":"https:\/\/nosafco.com\/index.php?rest_route=\/wp\/v2\/types\/page"}],"author":[{"embeddable":true,"href":"https:\/\/nosafco.com\/index.php?rest_route=\/wp\/v2\/users\/1"}],"replies":[{"embeddable":true,"href":"https:\/\/nosafco.com\/index.php?rest_route=%2Fwp%2Fv2%2Fcomments&post=151"}],"version-history":[{"count":4,"href":"https:\/\/nosafco.com\/index.php?rest_route=\/wp\/v2\/pages\/151\/revisions"}],"predecessor-version":[{"id":547,"href":"https:\/\/nosafco.com\/index.php?rest_route=\/wp\/v2\/pages\/151\/revisions\/547"}],"wp:featuredmedia":[{"embeddable":true,"href":"https:\/\/nosafco.com\/index.php?rest_route=\/wp\/v2\/media\/222"}],"wp:attachment":[{"href":"https:\/\/nosafco.com\/index.php?rest_route=%2Fwp%2Fv2%2Fmedia&parent=151"}],"curies":[{"name":"wp","href":"https:\/\/api.w.org\/{rel}","templated":true}]}}