{"id":191,"date":"2022-10-16T01:43:46","date_gmt":"2022-10-15T22:43:46","guid":{"rendered":"https:\/\/nosafco.com\/?page_id=191"},"modified":"2022-10-24T12:16:40","modified_gmt":"2022-10-24T09:16:40","slug":"gestion-des-investissements","status":"publish","type":"page","link":"https:\/\/nosafco.com\/?page_id=191&lang=fr","title":{"rendered":"Gestion des investissements"},"content":{"rendered":"\n<p class=\"has-text-align-left\"><img loading=\"lazy\" decoding=\"async\" width=\"500\" height=\"327\" class=\"wp-image-533\" style=\"width: 500px;\" src=\"https:\/\/nosafco.com\/wp-content\/uploads\/2022\/10\/nosafco-Management-of-Investments.jpg\" alt=\"\" srcset=\"https:\/\/nosafco.com\/wp-content\/uploads\/2022\/10\/nosafco-Management-of-Investments.jpg 1024w, https:\/\/nosafco.com\/wp-content\/uploads\/2022\/10\/nosafco-Management-of-Investments-300x196.jpg 300w, https:\/\/nosafco.com\/wp-content\/uploads\/2022\/10\/nosafco-Management-of-Investments-768x502.jpg 768w\" sizes=\"auto, (max-width: 500px) 100vw, 500px\" \/>L&#8217;investissement est la base du capital de toute entreprise charg\u00e9e de fournir des produits, des biens et des services de toute nature.L&#8217;investissement peut \u00eatre fixe ou variable, et il est g\u00e9r\u00e9 par le D\u00e9partement des Investissements, qui s&#8217;occupe de tout ce qui concerne les finances actifs, ou fournir les liquidit\u00e9s n\u00e9cessaires aux projets.<\/p>\n\n\n\n<p class=\"has-text-align-left\">Nous \u00e9tudions les meilleurs domaines dans lesquels les entreprises peuvent travailler et pr\u00e9sentons des plans strat\u00e9giques, pour atteindre des stades avanc\u00e9s de la concurrence sur le march\u00e9.La planification strat\u00e9gique est plus g\u00e9n\u00e9rale que l&#8217;\u00e9tude de faisabilit\u00e9, car la planification strat\u00e9gique montre les meilleurs domaines dans lesquels l&#8217;installation peut op\u00e9rer. \u00e9tude de faisabilit\u00e9, il s&#8217;agit d&#8217;\u00e9tudier un projet ou des projets sp\u00e9cifiques, malgr\u00e9 cela, il existe une grande similitude entre eux, car les deux ont besoin d&#8217;\u00e9tudier le march\u00e9, les concurrents, les clients, les facteurs externes influen\u00e7ant et les capacit\u00e9s disponibles qui peuvent \u00eatre appris ou achet\u00e9 et se terminer par le rendement financier attendu.<\/p>\n\n\n\n<p class=\"has-text-align-left\">L&#8217;activit\u00e9 la plus importante que nous proposons pour la gestion des investissements<\/p>\n\n\n\n<p class=\"has-text-align-left\">&#8211; Conseil et accompagnement dans le domaine de l&#8217;investissement et de la gestion de patrimoine, ou dans le m\u00e9tier dit de la banque priv\u00e9e, qui travaille \u00e0 la mise en \u0153uvre de la strat\u00e9gie du fonds d&#8217;investissement, et g\u00e8re le dossier d&#8217;investissement et les activit\u00e9s commerciales dans les entreprises.<\/p>\n\n\n\n<p class=\"has-text-align-left\">&#8211; Nous effectuons l&#8217;analyse financi\u00e8re, la s\u00e9lection des actifs et le rationnement de l&#8217;\u00e9pargne, et nous planifions les op\u00e9rations d&#8217;investissement et les suivons, moment par moment, pour atteindre des objectifs de rentabilit\u00e9 pr\u00e9cis.<\/p>\n\n\n\n<p class=\"has-text-align-left\">&#8211; Nous assurons le service des transactions, des r\u00e8glements, de la restructuration, des campagnes de marketing, de l&#8217;audit interne, de la pr\u00e9paration de rapports et de l&#8217;\u00e9laboration de plans alternatifs pour faire face aux complexit\u00e9s et aux changements des conditions du march\u00e9.<\/p>\n\n\n\n<p class=\"has-text-align-left\">&#8211; Nous pr\u00e9parons des documents et les soumettons aux autorit\u00e9s comp\u00e9tentes pour obtenir des concessions, des acquisitions, des alliances strat\u00e9giques ou la cession directe de grands projets, et suivons leur approbation et documents, documentation et encadrement selon les principes et normes commerciaux et juridiques.<\/p>\n","protected":false},"excerpt":{"rendered":"<p>L&#8217;investissement est la base du capital de toute entreprise charg\u00e9e de fournir des produits, des biens et des services de toute nature.L&#8217;investissement peut \u00eatre fixe ou variable, et il est g\u00e9r\u00e9 par le D\u00e9partement des Investissements, qui s&#8217;occupe de tout ce qui concerne les finances actifs, ou fournir les liquidit\u00e9s n\u00e9cessaires aux projets. Nous \u00e9tudions [&hellip;]<\/p>\n","protected":false},"author":1,"featured_media":192,"parent":0,"menu_order":0,"comment_status":"closed","ping_status":"closed","template":"","meta":{"footnotes":""},"class_list":["post-191","page","type-page","status-publish","has-post-thumbnail","hentry"],"_links":{"self":[{"href":"https:\/\/nosafco.com\/index.php?rest_route=\/wp\/v2\/pages\/191","targetHints":{"allow":["GET"]}}],"collection":[{"href":"https:\/\/nosafco.com\/index.php?rest_route=\/wp\/v2\/pages"}],"about":[{"href":"https:\/\/nosafco.com\/index.php?rest_route=\/wp\/v2\/types\/page"}],"author":[{"embeddable":true,"href":"https:\/\/nosafco.com\/index.php?rest_route=\/wp\/v2\/users\/1"}],"replies":[{"embeddable":true,"href":"https:\/\/nosafco.com\/index.php?rest_route=%2Fwp%2Fv2%2Fcomments&post=191"}],"version-history":[{"count":3,"href":"https:\/\/nosafco.com\/index.php?rest_route=\/wp\/v2\/pages\/191\/revisions"}],"predecessor-version":[{"id":537,"href":"https:\/\/nosafco.com\/index.php?rest_route=\/wp\/v2\/pages\/191\/revisions\/537"}],"wp:featuredmedia":[{"embeddable":true,"href":"https:\/\/nosafco.com\/index.php?rest_route=\/wp\/v2\/media\/192"}],"wp:attachment":[{"href":"https:\/\/nosafco.com\/index.php?rest_route=%2Fwp%2Fv2%2Fmedia&parent=191"}],"curies":[{"name":"wp","href":"https:\/\/api.w.org\/{rel}","templated":true}]}}