{"id":198,"date":"2022-10-16T01:47:21","date_gmt":"2022-10-15T22:47:21","guid":{"rendered":"https:\/\/nosafco.com\/?page_id=198"},"modified":"2022-10-24T11:42:55","modified_gmt":"2022-10-24T08:42:55","slug":"services-commerciaux","status":"publish","type":"page","link":"https:\/\/nosafco.com\/?page_id=198&lang=fr","title":{"rendered":"Conseil aux entreprises"},"content":{"rendered":"\n<p class=\"has-text-align-left\"><img loading=\"lazy\" decoding=\"async\" width=\"500\" height=\"333\" class=\"wp-image-471\" style=\"width: 500px;\" src=\"https:\/\/nosafco.com\/wp-content\/uploads\/2022\/10\/NOSAFCO-Commercial-Advisory.jpg\" alt=\"\" srcset=\"https:\/\/nosafco.com\/wp-content\/uploads\/2022\/10\/NOSAFCO-Commercial-Advisory.jpg 1300w, https:\/\/nosafco.com\/wp-content\/uploads\/2022\/10\/NOSAFCO-Commercial-Advisory-300x200.jpg 300w, https:\/\/nosafco.com\/wp-content\/uploads\/2022\/10\/NOSAFCO-Commercial-Advisory-1024x683.jpg 1024w, https:\/\/nosafco.com\/wp-content\/uploads\/2022\/10\/NOSAFCO-Commercial-Advisory-768x512.jpg 768w\" sizes=\"auto, (max-width: 500px) 100vw, 500px\" \/>Nosafco Group fournit des services de conseil aux entreprises en tant que solutions aux clients pour atteindre l&#8217;application commerciale optimale, gr\u00e2ce \u00e0 une m\u00e9thodologie distingu\u00e9e de conseil aux entreprises qui aide les propri\u00e9taires d&#8217;entreprise \u00e0 d\u00e9velopper et \u00e0 d\u00e9velopper leur activit\u00e9, et cela se fait en comprenant et en \u00e9tudiant les besoins, les attentes et les pr\u00e9occupations des clients en analysant et en pr\u00e9sentant des plans de d\u00e9veloppement et en fournissant des solutions compl\u00e8tes dans le temps sp\u00e9cifi\u00e9 d&#8217;une mani\u00e8re claire et logique et d&#8217;une mani\u00e8re qui contribue \u00e0 la croissance des performances des clients gr\u00e2ce \u00e0 l&#8217;application des r\u00e8gles de performance syst\u00e9matique avec des plans et des m\u00e9thodes appropri\u00e9s.<\/p>\n\n\n\n<p class=\"has-text-align-left\">Notre objectif avec le client est d&#8217;acc\u00e9der \u00e0 travers les bonnes m\u00e9thodes de gestion et d&#8217;\u00e9tablir des performances avec une m\u00e9thodologie et des bases correctes bas\u00e9es sur des analyses pr\u00e9cises pour faire correspondre la structure organisationnelle avec le march\u00e9, en plus de fournir des conseils appropri\u00e9s pour restructurer les plans des clients \u00e0 \u00e9viter les risques et accro\u00eetre la pr\u00e9sence sur le march\u00e9.<\/p>\n","protected":false},"excerpt":{"rendered":"<p>Nosafco Group fournit des services de conseil aux entreprises en tant que solutions aux clients pour atteindre l&#8217;application commerciale optimale, gr\u00e2ce \u00e0 une m\u00e9thodologie distingu\u00e9e de conseil aux entreprises qui aide les propri\u00e9taires d&#8217;entreprise \u00e0 d\u00e9velopper et \u00e0 d\u00e9velopper leur activit\u00e9, et cela se fait en comprenant et en \u00e9tudiant les besoins, les attentes et [&hellip;]<\/p>\n","protected":false},"author":1,"featured_media":199,"parent":0,"menu_order":0,"comment_status":"closed","ping_status":"closed","template":"","meta":{"footnotes":""},"class_list":["post-198","page","type-page","status-publish","has-post-thumbnail","hentry"],"_links":{"self":[{"href":"https:\/\/nosafco.com\/index.php?rest_route=\/wp\/v2\/pages\/198","targetHints":{"allow":["GET"]}}],"collection":[{"href":"https:\/\/nosafco.com\/index.php?rest_route=\/wp\/v2\/pages"}],"about":[{"href":"https:\/\/nosafco.com\/index.php?rest_route=\/wp\/v2\/types\/page"}],"author":[{"embeddable":true,"href":"https:\/\/nosafco.com\/index.php?rest_route=\/wp\/v2\/users\/1"}],"replies":[{"embeddable":true,"href":"https:\/\/nosafco.com\/index.php?rest_route=%2Fwp%2Fv2%2Fcomments&post=198"}],"version-history":[{"count":3,"href":"https:\/\/nosafco.com\/index.php?rest_route=\/wp\/v2\/pages\/198\/revisions"}],"predecessor-version":[{"id":528,"href":"https:\/\/nosafco.com\/index.php?rest_route=\/wp\/v2\/pages\/198\/revisions\/528"}],"wp:featuredmedia":[{"embeddable":true,"href":"https:\/\/nosafco.com\/index.php?rest_route=\/wp\/v2\/media\/199"}],"wp:attachment":[{"href":"https:\/\/nosafco.com\/index.php?rest_route=%2Fwp%2Fv2%2Fmedia&parent=198"}],"curies":[{"name":"wp","href":"https:\/\/api.w.org\/{rel}","templated":true}]}}