{"id":205,"date":"2022-10-16T01:49:46","date_gmt":"2022-10-15T22:49:46","guid":{"rendered":"https:\/\/nosafco.com\/?page_id=205"},"modified":"2022-10-24T11:57:11","modified_gmt":"2022-10-24T08:57:11","slug":"importer-et-exporter","status":"publish","type":"page","link":"https:\/\/nosafco.com\/?page_id=205&lang=fr","title":{"rendered":"Importer et exporter"},"content":{"rendered":"\n<p class=\"has-text-align-left\"><img loading=\"lazy\" decoding=\"async\" width=\"500\" height=\"333\" class=\"wp-image-529\" style=\"width: 500px;\" src=\"https:\/\/nosafco.com\/wp-content\/uploads\/2022\/10\/nosafco-export.jpg\" alt=\"\" srcset=\"https:\/\/nosafco.com\/wp-content\/uploads\/2022\/10\/nosafco-export.jpg 1678w, https:\/\/nosafco.com\/wp-content\/uploads\/2022\/10\/nosafco-export-300x200.jpg 300w, https:\/\/nosafco.com\/wp-content\/uploads\/2022\/10\/nosafco-export-1024x683.jpg 1024w, https:\/\/nosafco.com\/wp-content\/uploads\/2022\/10\/nosafco-export-768x512.jpg 768w, https:\/\/nosafco.com\/wp-content\/uploads\/2022\/10\/nosafco-export-1536x1024.jpg 1536w\" sizes=\"auto, (max-width: 500px) 100vw, 500px\" \/>L&#8217;importation et l&#8217;exportation sont l&#8217;un des piliers les plus importants sur lesquels NOSAFCO cherche \u00e0 travailler selon une strat\u00e9gie conforme aux normes en vigueur dans le commerce international, pour travailler en harmonie avec toutes les \u00e9volutions du march\u00e9 international et suivre le rythme de l&#8217;\u00e9volution successive du domaine de l&#8217;import et de l&#8217;export.<\/p>\n\n\n\n<p class=\"has-text-align-left\">Gr\u00e2ce \u00e0 la richesse de l&#8217;information et au d\u00e9veloppement technologique de cela, En raison de notre longue exp\u00e9rience sur le march\u00e9 africain et de la confiance de nos clients dans la performance que nous faisons en fournissant des produits et des biens de qualit\u00e9, nous travaillons \u00e0 diversifier les produits de consommation, pour satisfaire le march\u00e9 africain selon les normes internationales et les plus importants de ces domaines sont.<\/p>\n\n\n\n<p class=\"has-text-align-left\"><\/p>\n","protected":false},"excerpt":{"rendered":"<p>L&#8217;importation et l&#8217;exportation sont l&#8217;un des piliers les plus importants sur lesquels NOSAFCO cherche \u00e0 travailler selon une strat\u00e9gie conforme aux normes en vigueur dans le commerce international, pour travailler en harmonie avec toutes les \u00e9volutions du march\u00e9 international et suivre le rythme de l&#8217;\u00e9volution successive du domaine de l&#8217;import et de l&#8217;export. Gr\u00e2ce \u00e0 [&hellip;]<\/p>\n","protected":false},"author":1,"featured_media":208,"parent":0,"menu_order":0,"comment_status":"closed","ping_status":"closed","template":"","meta":{"footnotes":""},"class_list":["post-205","page","type-page","status-publish","has-post-thumbnail","hentry"],"_links":{"self":[{"href":"https:\/\/nosafco.com\/index.php?rest_route=\/wp\/v2\/pages\/205","targetHints":{"allow":["GET"]}}],"collection":[{"href":"https:\/\/nosafco.com\/index.php?rest_route=\/wp\/v2\/pages"}],"about":[{"href":"https:\/\/nosafco.com\/index.php?rest_route=\/wp\/v2\/types\/page"}],"author":[{"embeddable":true,"href":"https:\/\/nosafco.com\/index.php?rest_route=\/wp\/v2\/users\/1"}],"replies":[{"embeddable":true,"href":"https:\/\/nosafco.com\/index.php?rest_route=%2Fwp%2Fv2%2Fcomments&post=205"}],"version-history":[{"count":4,"href":"https:\/\/nosafco.com\/index.php?rest_route=\/wp\/v2\/pages\/205\/revisions"}],"predecessor-version":[{"id":532,"href":"https:\/\/nosafco.com\/index.php?rest_route=\/wp\/v2\/pages\/205\/revisions\/532"}],"wp:featuredmedia":[{"embeddable":true,"href":"https:\/\/nosafco.com\/index.php?rest_route=\/wp\/v2\/media\/208"}],"wp:attachment":[{"href":"https:\/\/nosafco.com\/index.php?rest_route=%2Fwp%2Fv2%2Fmedia&parent=205"}],"curies":[{"name":"wp","href":"https:\/\/api.w.org\/{rel}","templated":true}]}}