{"id":243,"date":"2022-10-16T02:37:46","date_gmt":"2022-10-15T23:37:46","guid":{"rendered":"https:\/\/nosafco.com\/?page_id=243"},"modified":"2022-10-24T13:52:14","modified_gmt":"2022-10-24T10:52:14","slug":"huiles-moteur","status":"publish","type":"page","link":"https:\/\/nosafco.com\/?page_id=243&lang=fr","title":{"rendered":"Huiles moteur"},"content":{"rendered":"\n<p class=\"has-text-align-left\"><\/p>\n\n\n\n<p><\/p>\n\n\n\n<p><\/p>\n\n\n\n<p class=\"has-text-align-left\"><img loading=\"lazy\" decoding=\"async\" width=\"500\" height=\"333\" class=\"wp-image-557\" style=\"width: 500px;\" src=\"https:\/\/nosafco.com\/wp-content\/uploads\/2022\/10\/nosafco-Engine-oils.jpg\" alt=\"\" srcset=\"https:\/\/nosafco.com\/wp-content\/uploads\/2022\/10\/nosafco-Engine-oils.jpg 1422w, https:\/\/nosafco.com\/wp-content\/uploads\/2022\/10\/nosafco-Engine-oils-300x200.jpg 300w, https:\/\/nosafco.com\/wp-content\/uploads\/2022\/10\/nosafco-Engine-oils-1024x683.jpg 1024w, https:\/\/nosafco.com\/wp-content\/uploads\/2022\/10\/nosafco-Engine-oils-768x512.jpg 768w\" sizes=\"auto, (max-width: 500px) 100vw, 500px\" \/><\/p>\n\n\n\n<p class=\"has-text-align-left\">Les mati\u00e8res p\u00e9troli\u00e8res sont consid\u00e9r\u00e9es comme l&#8217;un des moteurs de la vie moderne et un redresseur de ses composants de base.Par cons\u00e9quent, le Groupe Nosafco s&#8217;est efforc\u00e9 de fournir des produits d&#8217;huiles moteur multi-usages dans une port\u00e9e g\u00e9ographique allant jusqu&#8217;\u00e0 vingt-cinq pays africains pour r\u00e9pondre et atteindre aux exigences des march\u00e9s de fournir :<br>Huile moteur essence, huile moteur diesel, huile moteur bateau, huile moto, huile marine, huile industrielle, huile moteur gaz, ATF, lubrifiants, produits sp\u00e9ciaux.<\/p>\n","protected":false},"excerpt":{"rendered":"<p>Les mati\u00e8res p\u00e9troli\u00e8res sont consid\u00e9r\u00e9es comme l&#8217;un des moteurs de la vie moderne et un redresseur de ses composants de base.Par cons\u00e9quent, le Groupe Nosafco s&#8217;est efforc\u00e9 de fournir des produits d&#8217;huiles moteur multi-usages dans une port\u00e9e g\u00e9ographique allant jusqu&#8217;\u00e0 vingt-cinq pays africains pour r\u00e9pondre et atteindre aux exigences des march\u00e9s de fournir :Huile moteur [&hellip;]<\/p>\n","protected":false},"author":1,"featured_media":239,"parent":0,"menu_order":0,"comment_status":"closed","ping_status":"closed","template":"","meta":{"footnotes":""},"class_list":["post-243","page","type-page","status-publish","has-post-thumbnail","hentry"],"_links":{"self":[{"href":"https:\/\/nosafco.com\/index.php?rest_route=\/wp\/v2\/pages\/243","targetHints":{"allow":["GET"]}}],"collection":[{"href":"https:\/\/nosafco.com\/index.php?rest_route=\/wp\/v2\/pages"}],"about":[{"href":"https:\/\/nosafco.com\/index.php?rest_route=\/wp\/v2\/types\/page"}],"author":[{"embeddable":true,"href":"https:\/\/nosafco.com\/index.php?rest_route=\/wp\/v2\/users\/1"}],"replies":[{"embeddable":true,"href":"https:\/\/nosafco.com\/index.php?rest_route=%2Fwp%2Fv2%2Fcomments&post=243"}],"version-history":[{"count":2,"href":"https:\/\/nosafco.com\/index.php?rest_route=\/wp\/v2\/pages\/243\/revisions"}],"predecessor-version":[{"id":563,"href":"https:\/\/nosafco.com\/index.php?rest_route=\/wp\/v2\/pages\/243\/revisions\/563"}],"wp:featuredmedia":[{"embeddable":true,"href":"https:\/\/nosafco.com\/index.php?rest_route=\/wp\/v2\/media\/239"}],"wp:attachment":[{"href":"https:\/\/nosafco.com\/index.php?rest_route=%2Fwp%2Fv2%2Fmedia&parent=243"}],"curies":[{"name":"wp","href":"https:\/\/api.w.org\/{rel}","templated":true}]}}