{"id":250,"date":"2022-10-16T02:42:36","date_gmt":"2022-10-15T23:42:36","guid":{"rendered":"https:\/\/nosafco.com\/?page_id=250"},"modified":"2022-10-24T14:03:09","modified_gmt":"2022-10-24T11:03:09","slug":"electronique-2","status":"publish","type":"page","link":"https:\/\/nosafco.com\/?page_id=250&lang=fr","title":{"rendered":"\u00c9lectronique"},"content":{"rendered":"\n<p class=\"has-text-align-left\"><img loading=\"lazy\" decoding=\"async\" width=\"500\" height=\"362\" class=\"wp-image-564\" style=\"width: 500px;\" src=\"https:\/\/nosafco.com\/wp-content\/uploads\/2022\/10\/nosafco-Electronics.jpg\" alt=\"\" srcset=\"https:\/\/nosafco.com\/wp-content\/uploads\/2022\/10\/nosafco-Electronics.jpg 756w, https:\/\/nosafco.com\/wp-content\/uploads\/2022\/10\/nosafco-Electronics-300x217.jpg 300w\" sizes=\"auto, (max-width: 500px) 100vw, 500px\" \/><\/p>\n\n\n\n<p class=\"has-text-align-left\">La mont\u00e9e en puissance de l&#8217;\u00e9lectronique s&#8217;acc\u00e9l\u00e8re en vitesses records dans le monde, et les pays africains sont parmi les pays qui progr\u00e8s en se dotant des derni\u00e8res technologies, C&#8217;est pourquoi nous, au Groupe Nosafco, suivons tout ce qui est nouveau sur le march\u00e9 mondial et le fournissons \u00e0 nos clients, Parmi les produits qui nous int\u00e9ressent: T\u00e9l\u00e9phones cellulaires, ordinateurs, appareils m\u00e9nagers, syst\u00e8mes de surveillance, serveurs et r\u00e9seaux de communication.<\/p>\n","protected":false},"excerpt":{"rendered":"<p>La mont\u00e9e en puissance de l&#8217;\u00e9lectronique s&#8217;acc\u00e9l\u00e8re en vitesses records dans le monde, et les pays africains sont parmi les pays qui progr\u00e8s en se dotant des derni\u00e8res technologies, C&#8217;est pourquoi nous, au Groupe Nosafco, suivons tout ce qui est nouveau sur le march\u00e9 mondial et le fournissons \u00e0 nos clients, Parmi les produits qui [&hellip;]<\/p>\n","protected":false},"author":1,"featured_media":246,"parent":0,"menu_order":0,"comment_status":"closed","ping_status":"closed","template":"","meta":{"footnotes":""},"class_list":["post-250","page","type-page","status-publish","has-post-thumbnail","hentry"],"_links":{"self":[{"href":"https:\/\/nosafco.com\/index.php?rest_route=\/wp\/v2\/pages\/250","targetHints":{"allow":["GET"]}}],"collection":[{"href":"https:\/\/nosafco.com\/index.php?rest_route=\/wp\/v2\/pages"}],"about":[{"href":"https:\/\/nosafco.com\/index.php?rest_route=\/wp\/v2\/types\/page"}],"author":[{"embeddable":true,"href":"https:\/\/nosafco.com\/index.php?rest_route=\/wp\/v2\/users\/1"}],"replies":[{"embeddable":true,"href":"https:\/\/nosafco.com\/index.php?rest_route=%2Fwp%2Fv2%2Fcomments&post=250"}],"version-history":[{"count":2,"href":"https:\/\/nosafco.com\/index.php?rest_route=\/wp\/v2\/pages\/250\/revisions"}],"predecessor-version":[{"id":569,"href":"https:\/\/nosafco.com\/index.php?rest_route=\/wp\/v2\/pages\/250\/revisions\/569"}],"wp:featuredmedia":[{"embeddable":true,"href":"https:\/\/nosafco.com\/index.php?rest_route=\/wp\/v2\/media\/246"}],"wp:attachment":[{"href":"https:\/\/nosafco.com\/index.php?rest_route=%2Fwp%2Fv2%2Fmedia&parent=250"}],"curies":[{"name":"wp","href":"https:\/\/api.w.org\/{rel}","templated":true}]}}