{"id":257,"date":"2022-10-16T02:46:05","date_gmt":"2022-10-15T23:46:05","guid":{"rendered":"https:\/\/nosafco.com\/?page_id=257"},"modified":"2022-10-24T14:19:33","modified_gmt":"2022-10-24T11:19:33","slug":"materiel-medical-2","status":"publish","type":"page","link":"https:\/\/nosafco.com\/?page_id=257&lang=fr","title":{"rendered":"Materiel m\u00e9dical"},"content":{"rendered":"\n<p class=\"has-text-align-left\"><img loading=\"lazy\" decoding=\"async\" width=\"500\" height=\"266\" class=\"wp-image-571\" style=\"width: 500px;\" src=\"https:\/\/nosafco.com\/wp-content\/uploads\/2022\/10\/nosafco-Medical-supplies.jpg\" alt=\"\" srcset=\"https:\/\/nosafco.com\/wp-content\/uploads\/2022\/10\/nosafco-Medical-supplies.jpg 512w, https:\/\/nosafco.com\/wp-content\/uploads\/2022\/10\/nosafco-Medical-supplies-300x159.jpg 300w\" sizes=\"auto, (max-width: 500px) 100vw, 500px\" \/><\/p>\n\n\n\n<p class=\"has-text-align-left\">Il y a toujours un besoin constant de fournir des fournitures m\u00e9dicales d&#8217;usage fr\u00e9quent, et c&#8217;est pourquoi nous fournissons, par exemple, mais sans s&#8217;y limiter: Gaze m\u00e9dicale, seringues de toutes sortes, emballages d&#8217;analyse, compresses de pansement, gants \u00e0 main, masque facial, linge de lit, st\u00e9rilisateurs, v\u00eatements m\u00e9dicaux, chaussures m\u00e9dicales, en plus des outils m\u00e9dicaux et du mat\u00e9riel hospitalier.<\/p>\n","protected":false},"excerpt":{"rendered":"<p>Il y a toujours un besoin constant de fournir des fournitures m\u00e9dicales d&#8217;usage fr\u00e9quent, et c&#8217;est pourquoi nous fournissons, par exemple, mais sans s&#8217;y limiter: Gaze m\u00e9dicale, seringues de toutes sortes, emballages d&#8217;analyse, compresses de pansement, gants \u00e0 main, masque facial, linge de lit, st\u00e9rilisateurs, v\u00eatements m\u00e9dicaux, chaussures m\u00e9dicales, en plus des outils m\u00e9dicaux et [&hellip;]<\/p>\n","protected":false},"author":1,"featured_media":253,"parent":0,"menu_order":0,"comment_status":"closed","ping_status":"closed","template":"","meta":{"footnotes":""},"class_list":["post-257","page","type-page","status-publish","has-post-thumbnail","hentry"],"_links":{"self":[{"href":"https:\/\/nosafco.com\/index.php?rest_route=\/wp\/v2\/pages\/257","targetHints":{"allow":["GET"]}}],"collection":[{"href":"https:\/\/nosafco.com\/index.php?rest_route=\/wp\/v2\/pages"}],"about":[{"href":"https:\/\/nosafco.com\/index.php?rest_route=\/wp\/v2\/types\/page"}],"author":[{"embeddable":true,"href":"https:\/\/nosafco.com\/index.php?rest_route=\/wp\/v2\/users\/1"}],"replies":[{"embeddable":true,"href":"https:\/\/nosafco.com\/index.php?rest_route=%2Fwp%2Fv2%2Fcomments&post=257"}],"version-history":[{"count":2,"href":"https:\/\/nosafco.com\/index.php?rest_route=\/wp\/v2\/pages\/257\/revisions"}],"predecessor-version":[{"id":573,"href":"https:\/\/nosafco.com\/index.php?rest_route=\/wp\/v2\/pages\/257\/revisions\/573"}],"wp:featuredmedia":[{"embeddable":true,"href":"https:\/\/nosafco.com\/index.php?rest_route=\/wp\/v2\/media\/253"}],"wp:attachment":[{"href":"https:\/\/nosafco.com\/index.php?rest_route=%2Fwp%2Fv2%2Fmedia&parent=257"}],"curies":[{"name":"wp","href":"https:\/\/api.w.org\/{rel}","templated":true}]}}