{"id":265,"date":"2022-10-16T02:55:09","date_gmt":"2022-10-15T23:55:09","guid":{"rendered":"https:\/\/nosafco.com\/?page_id=265"},"modified":"2022-10-24T14:43:20","modified_gmt":"2022-10-24T11:43:20","slug":"materiel-publicitaire","status":"publish","type":"page","link":"https:\/\/nosafco.com\/?page_id=265&lang=fr","title":{"rendered":"Mat\u00e9riel publicitaire"},"content":{"rendered":"\n<p class=\"has-text-align-left\"><img loading=\"lazy\" decoding=\"async\" width=\"500\" height=\"333\" class=\"wp-image-580\" style=\"width: 500px;\" src=\"https:\/\/nosafco.com\/wp-content\/uploads\/2022\/10\/Nosafco-Advertising.jpg\" alt=\"\" srcset=\"https:\/\/nosafco.com\/wp-content\/uploads\/2022\/10\/Nosafco-Advertising.jpg 1920w, https:\/\/nosafco.com\/wp-content\/uploads\/2022\/10\/Nosafco-Advertising-300x200.jpg 300w, https:\/\/nosafco.com\/wp-content\/uploads\/2022\/10\/Nosafco-Advertising-1024x683.jpg 1024w, https:\/\/nosafco.com\/wp-content\/uploads\/2022\/10\/Nosafco-Advertising-768x512.jpg 768w, https:\/\/nosafco.com\/wp-content\/uploads\/2022\/10\/Nosafco-Advertising-1536x1024.jpg 1536w\" sizes=\"auto, (max-width: 500px) 100vw, 500px\" \/><\/p>\n\n\n\n<p class=\"has-text-align-left\">La publicit\u00e9 ou la publicit\u00e9 est l&#8217;une des activit\u00e9s m\u00e9diatiques indispensables aux activit\u00e9s \u00e9conomiques de l&#8217;industrie, du commerce, des services et d&#8217;autres activit\u00e9s \u00e9conomiques pour divers secteurs afin de promouvoir des biens, des biens ou des services par le biais de supports publicitaires audiovisuels, \u00e9crits ou visuels. voies publiques, publicit\u00e9s t\u00e9l\u00e9vis\u00e9es ou Fabrication d&#8217;identit\u00e9s commerciales pour installations, b\u00e2timents, stations-service ou voitures en mouvement.Nous fournissons \u00e9galement toutes les mati\u00e8res premi\u00e8res n\u00e9cessaires aux travaux publicitaires en diverses mati\u00e8res premi\u00e8res, ainsi que des \u00e9quipements de d\u00e9coupe, d&#8217;impression, de d\u00e9coration et d&#8217;imprimantes de diff\u00e9rentes tailles et technologies, ainsi que des mat\u00e9riaux pour panneaux lumineux et \u00e9crans publicitaires.<\/p>\n","protected":false},"excerpt":{"rendered":"<p>La publicit\u00e9 ou la publicit\u00e9 est l&#8217;une des activit\u00e9s m\u00e9diatiques indispensables aux activit\u00e9s \u00e9conomiques de l&#8217;industrie, du commerce, des services et d&#8217;autres activit\u00e9s \u00e9conomiques pour divers secteurs afin de promouvoir des biens, des biens ou des services par le biais de supports publicitaires audiovisuels, \u00e9crits ou visuels. voies publiques, publicit\u00e9s t\u00e9l\u00e9vis\u00e9es ou Fabrication d&#8217;identit\u00e9s commerciales [&hellip;]<\/p>\n","protected":false},"author":1,"featured_media":266,"parent":0,"menu_order":0,"comment_status":"closed","ping_status":"closed","template":"","meta":{"footnotes":""},"class_list":["post-265","page","type-page","status-publish","has-post-thumbnail","hentry"],"_links":{"self":[{"href":"https:\/\/nosafco.com\/index.php?rest_route=\/wp\/v2\/pages\/265","targetHints":{"allow":["GET"]}}],"collection":[{"href":"https:\/\/nosafco.com\/index.php?rest_route=\/wp\/v2\/pages"}],"about":[{"href":"https:\/\/nosafco.com\/index.php?rest_route=\/wp\/v2\/types\/page"}],"author":[{"embeddable":true,"href":"https:\/\/nosafco.com\/index.php?rest_route=\/wp\/v2\/users\/1"}],"replies":[{"embeddable":true,"href":"https:\/\/nosafco.com\/index.php?rest_route=%2Fwp%2Fv2%2Fcomments&post=265"}],"version-history":[{"count":2,"href":"https:\/\/nosafco.com\/index.php?rest_route=\/wp\/v2\/pages\/265\/revisions"}],"predecessor-version":[{"id":591,"href":"https:\/\/nosafco.com\/index.php?rest_route=\/wp\/v2\/pages\/265\/revisions\/591"}],"wp:featuredmedia":[{"embeddable":true,"href":"https:\/\/nosafco.com\/index.php?rest_route=\/wp\/v2\/media\/266"}],"wp:attachment":[{"href":"https:\/\/nosafco.com\/index.php?rest_route=%2Fwp%2Fv2%2Fmedia&parent=265"}],"curies":[{"name":"wp","href":"https:\/\/api.w.org\/{rel}","templated":true}]}}