{"id":357,"date":"2022-10-17T00:47:19","date_gmt":"2022-10-16T21:47:19","guid":{"rendered":"https:\/\/nosafco.com\/?page_id=357"},"modified":"2022-10-24T12:32:57","modified_gmt":"2022-10-24T09:32:57","slug":"les-materiaux-de-construction","status":"publish","type":"page","link":"https:\/\/nosafco.com\/?page_id=357&lang=fr","title":{"rendered":"Les mat\u00e9riaux de construction"},"content":{"rendered":"\n<p class=\"has-text-align-left\"><img loading=\"lazy\" decoding=\"async\" width=\"500\" height=\"325\" class=\"wp-image-548\" style=\"width: 500px;\" src=\"https:\/\/nosafco.com\/wp-content\/uploads\/2022\/10\/nosafco-Building-materials.jpg\" alt=\"\" srcset=\"https:\/\/nosafco.com\/wp-content\/uploads\/2022\/10\/nosafco-Building-materials.jpg 900w, https:\/\/nosafco.com\/wp-content\/uploads\/2022\/10\/nosafco-Building-materials-300x195.jpg 300w, https:\/\/nosafco.com\/wp-content\/uploads\/2022\/10\/nosafco-Building-materials-768x499.jpg 768w\" sizes=\"auto, (max-width: 500px) 100vw, 500px\" \/><\/p>\n\n\n\n<p class=\"has-text-align-left\">La plupart des r\u00e9gions d&#8217;Afrique assistent \u00e0 une renaissance urbaine et \u00e0 une expansion en g\u00e9n\u00e9ral, et \u00e9tant donn\u00e9 que le march\u00e9 a besoin de fournir divers mat\u00e9riaux de base n\u00e9cessaires \u00e0 l&#8217;avancement du secteur urbain, le march\u00e9 doit \u00eatre soutenu avec les mat\u00e9riaux n\u00e9cessaires \u00e0 cet effet, et parmi les plus importants. de ces mat\u00e9riaux que nous avons tenu \u00e0 fournir: Fer &#8211; ciment &#8211; peintures &#8211; aluminium &#8211; bois &#8211; verre &#8211; marbre &#8211; c\u00e9ramique &#8211; mat\u00e9riel \u00e9lectrique.<\/p>\n","protected":false},"excerpt":{"rendered":"<p>La plupart des r\u00e9gions d&#8217;Afrique assistent \u00e0 une renaissance urbaine et \u00e0 une expansion en g\u00e9n\u00e9ral, et \u00e9tant donn\u00e9 que le march\u00e9 a besoin de fournir divers mat\u00e9riaux de base n\u00e9cessaires \u00e0 l&#8217;avancement du secteur urbain, le march\u00e9 doit \u00eatre soutenu avec les mat\u00e9riaux n\u00e9cessaires \u00e0 cet effet, et parmi les plus importants. de ces [&hellip;]<\/p>\n","protected":false},"author":1,"featured_media":227,"parent":0,"menu_order":0,"comment_status":"closed","ping_status":"closed","template":"","meta":{"footnotes":""},"class_list":["post-357","page","type-page","status-publish","has-post-thumbnail","hentry"],"_links":{"self":[{"href":"https:\/\/nosafco.com\/index.php?rest_route=\/wp\/v2\/pages\/357","targetHints":{"allow":["GET"]}}],"collection":[{"href":"https:\/\/nosafco.com\/index.php?rest_route=\/wp\/v2\/pages"}],"about":[{"href":"https:\/\/nosafco.com\/index.php?rest_route=\/wp\/v2\/types\/page"}],"author":[{"embeddable":true,"href":"https:\/\/nosafco.com\/index.php?rest_route=\/wp\/v2\/users\/1"}],"replies":[{"embeddable":true,"href":"https:\/\/nosafco.com\/index.php?rest_route=%2Fwp%2Fv2%2Fcomments&post=357"}],"version-history":[{"count":2,"href":"https:\/\/nosafco.com\/index.php?rest_route=\/wp\/v2\/pages\/357\/revisions"}],"predecessor-version":[{"id":550,"href":"https:\/\/nosafco.com\/index.php?rest_route=\/wp\/v2\/pages\/357\/revisions\/550"}],"wp:featuredmedia":[{"embeddable":true,"href":"https:\/\/nosafco.com\/index.php?rest_route=\/wp\/v2\/media\/227"}],"wp:attachment":[{"href":"https:\/\/nosafco.com\/index.php?rest_route=%2Fwp%2Fv2%2Fmedia&parent=357"}],"curies":[{"name":"wp","href":"https:\/\/api.w.org\/{rel}","templated":true}]}}