{"id":366,"date":"2022-10-21T01:59:43","date_gmt":"2022-10-20T22:59:43","guid":{"rendered":"https:\/\/nosafco.com\/?page_id=366"},"modified":"2022-10-23T20:44:38","modified_gmt":"2022-10-23T17:44:38","slug":"a-propos-de-nous","status":"publish","type":"page","link":"https:\/\/nosafco.com\/?page_id=366&lang=fr","title":{"rendered":"\u00c0 propos de nous"},"content":{"rendered":"\n<p class=\"has-text-align-left\">Nosafco Group  est une soci\u00e9t\u00e9 op\u00e9rant dans le cadre du commerce g\u00e9n\u00e9ral, fond\u00e9e par un groupe d&#8217;hommes d&#8217;affaires qui ont une pens\u00e9e et une connaissance approfondies du march\u00e9 africain pendant 26 ans.<\/p>\n\n\n\n<p class=\"has-text-align-left\">NOSAFCO visant \u00e0 servir les secteurs public et priv\u00e9, fournissent des mati\u00e8res 1er et produits compl\u00e9mentaires, et fournir des services commerciaux divers et des conseils avec des normes professionnelles \u00e9lev\u00e9es dans tous les domaines commerciaux gr\u00e2ce l&#8217;exp\u00e9rience accumul\u00e9e et les relations \u00e9tendues.<\/p>\n\n\n\n<p class=\"has-text-align-left\">Le Groupe Nosafco travaille \u00e0 diversifier ces activit\u00e9es pour inclure des produits r\u00e9pondant aux besoins du march\u00e9 dans le p\u00e9rim\u00e8tre g\u00e9ographique cibl\u00e9, notamment<\/p>\n\n\n\n<p class=\"has-text-align-left\">les produits alimentaires &#8211; les mat\u00e9riaux de construction &#8211; les produits p\u00e9troliers &#8211; l&#8217;\u00e9lectronique &#8211; les voitures et camions &#8211; les fournitures m\u00e9dicales.<\/p>\n\n\n\n<p class=\"has-text-align-left\">Le Groupe Nosafco diversifie \u00e9galement ses investissements pour inclure l&#8217;obtention des representations des produits et mati\u00e8res premi\u00e8res de qualit\u00e9, aussi NOSAFCO active dans les secteurs du transport et logistique, le secteur immobilier et le secteur industriel aussi les \u00e9tudes n\u00e9cessaires, ainsi que des consultations et recommandations qui permettent la mise en place ou l&#8217;acquisition de secteurs d&#8217;investissement de grande vitalit\u00e9 et de grande importance sur le continent africain.<\/p>\n","protected":false},"excerpt":{"rendered":"<p>Nosafco Group est une soci\u00e9t\u00e9 op\u00e9rant dans le cadre du commerce g\u00e9n\u00e9ral, fond\u00e9e par un groupe d&#8217;hommes d&#8217;affaires qui ont une pens\u00e9e et une connaissance approfondies du march\u00e9 africain pendant 26 ans. NOSAFCO visant \u00e0 servir les secteurs public et priv\u00e9, fournissent des mati\u00e8res 1er et produits compl\u00e9mentaires, et fournir des services commerciaux divers et [&hellip;]<\/p>\n","protected":false},"author":1,"featured_media":0,"parent":0,"menu_order":0,"comment_status":"closed","ping_status":"closed","template":"","meta":{"footnotes":""},"class_list":["post-366","page","type-page","status-publish","hentry"],"_links":{"self":[{"href":"https:\/\/nosafco.com\/index.php?rest_route=\/wp\/v2\/pages\/366","targetHints":{"allow":["GET"]}}],"collection":[{"href":"https:\/\/nosafco.com\/index.php?rest_route=\/wp\/v2\/pages"}],"about":[{"href":"https:\/\/nosafco.com\/index.php?rest_route=\/wp\/v2\/types\/page"}],"author":[{"embeddable":true,"href":"https:\/\/nosafco.com\/index.php?rest_route=\/wp\/v2\/users\/1"}],"replies":[{"embeddable":true,"href":"https:\/\/nosafco.com\/index.php?rest_route=%2Fwp%2Fv2%2Fcomments&post=366"}],"version-history":[{"count":2,"href":"https:\/\/nosafco.com\/index.php?rest_route=\/wp\/v2\/pages\/366\/revisions"}],"predecessor-version":[{"id":522,"href":"https:\/\/nosafco.com\/index.php?rest_route=\/wp\/v2\/pages\/366\/revisions\/522"}],"wp:attachment":[{"href":"https:\/\/nosafco.com\/index.php?rest_route=%2Fwp%2Fv2%2Fmedia&parent=366"}],"curies":[{"name":"wp","href":"https:\/\/api.w.org\/{rel}","templated":true}]}}