{"id":384,"date":"2022-10-21T02:03:15","date_gmt":"2022-10-20T23:03:15","guid":{"rendered":"https:\/\/nosafco.com\/?page_id=384"},"modified":"2022-11-01T18:29:49","modified_gmt":"2022-11-01T15:29:49","slug":"investissements","status":"publish","type":"page","link":"https:\/\/nosafco.com\/?page_id=384&lang=fr","title":{"rendered":"Investissements"},"content":{"rendered":"\n<p class=\"has-text-align-left\"><img loading=\"lazy\" decoding=\"async\" width=\"500\" height=\"281\" class=\"wp-image-735\" style=\"width: 500px;\" src=\"https:\/\/nosafco.com\/wp-content\/uploads\/2022\/11\/Investment.jpg\" alt=\"\" srcset=\"https:\/\/nosafco.com\/wp-content\/uploads\/2022\/11\/Investment.jpg 1280w, https:\/\/nosafco.com\/wp-content\/uploads\/2022\/11\/Investment-300x169.jpg 300w, https:\/\/nosafco.com\/wp-content\/uploads\/2022\/11\/Investment-1024x576.jpg 1024w, https:\/\/nosafco.com\/wp-content\/uploads\/2022\/11\/Investment-768x432.jpg 768w\" sizes=\"auto, (max-width: 500px) 100vw, 500px\" \/><\/p>\n\n\n\n<p class=\"has-text-align-left\">Nosafco a nou\u00e9 de solides relations avec de nombreux intervenants dans plusieurs pays, et parce que nous avons gagn\u00e9 beaucoup de confiance aupr\u00e8s de nos clients, ils n&#8217;h\u00e9sitent pas \u00e0 nous pr\u00e9senter leurs dossiers d&#8217;investissement pour choisir des soci\u00e9t\u00e9s adapt\u00e9es \u00e0 implanter dans divers secteurs.<br>Aussi, gr\u00e2ce \u00e0 notre connaissance du march\u00e9 africain, nous connaissons les besoins du march\u00e9 du secteur industriel dans le p\u00e9rim\u00e8tre g\u00e9ographique dans lequel nous sommes pr\u00e9sents.<br>Nous faisons notre part avec ceux qui ont la comp\u00e9tence dans la mise en \u0153uvre qui nous est demand\u00e9e, et nous leur fournissons toutes les facilit\u00e9s possibles pour \u00e9tudier et contracter pour obtenir des projets d&#8217;investissement dans chaque secteur selon la sp\u00e9cialisation du client.<br>Il est tr\u00e8s important que le client ait une exp\u00e9rience suffisante et la capacit\u00e9 financi\u00e8re et technique pour mettre en \u0153uvre tout projet, nous nous assurons donc que nos clients r\u00e9pondent \u00e0 toutes les exigences pour obtenir les approbations n\u00e9cessaires.<\/p>\n","protected":false},"excerpt":{"rendered":"<p>Nosafco a nou\u00e9 de solides relations avec de nombreux intervenants dans plusieurs pays, et parce que nous avons gagn\u00e9 beaucoup de confiance aupr\u00e8s de nos clients, ils n&#8217;h\u00e9sitent pas \u00e0 nous pr\u00e9senter leurs dossiers d&#8217;investissement pour choisir des soci\u00e9t\u00e9s adapt\u00e9es \u00e0 implanter dans divers secteurs.Aussi, gr\u00e2ce \u00e0 notre connaissance du march\u00e9 africain, nous connaissons les [&hellip;]<\/p>\n","protected":false},"author":1,"featured_media":0,"parent":0,"menu_order":0,"comment_status":"closed","ping_status":"closed","template":"","meta":{"footnotes":""},"class_list":["post-384","page","type-page","status-publish","hentry"],"_links":{"self":[{"href":"https:\/\/nosafco.com\/index.php?rest_route=\/wp\/v2\/pages\/384","targetHints":{"allow":["GET"]}}],"collection":[{"href":"https:\/\/nosafco.com\/index.php?rest_route=\/wp\/v2\/pages"}],"about":[{"href":"https:\/\/nosafco.com\/index.php?rest_route=\/wp\/v2\/types\/page"}],"author":[{"embeddable":true,"href":"https:\/\/nosafco.com\/index.php?rest_route=\/wp\/v2\/users\/1"}],"replies":[{"embeddable":true,"href":"https:\/\/nosafco.com\/index.php?rest_route=%2Fwp%2Fv2%2Fcomments&post=384"}],"version-history":[{"count":2,"href":"https:\/\/nosafco.com\/index.php?rest_route=\/wp\/v2\/pages\/384\/revisions"}],"predecessor-version":[{"id":749,"href":"https:\/\/nosafco.com\/index.php?rest_route=\/wp\/v2\/pages\/384\/revisions\/749"}],"wp:attachment":[{"href":"https:\/\/nosafco.com\/index.php?rest_route=%2Fwp%2Fv2%2Fmedia&parent=384"}],"curies":[{"name":"wp","href":"https:\/\/api.w.org\/{rel}","templated":true}]}}