{"id":657,"date":"2022-10-25T11:18:51","date_gmt":"2022-10-25T08:18:51","guid":{"rendered":"https:\/\/nosafco.com\/?page_id=657"},"modified":"2022-10-25T12:18:01","modified_gmt":"2022-10-25T09:18:01","slug":"politique-de-transaction","status":"publish","type":"page","link":"https:\/\/nosafco.com\/?page_id=657&lang=fr","title":{"rendered":"Politique de transaction"},"content":{"rendered":"\n<p class=\"has-text-align-left\"><img loading=\"lazy\" decoding=\"async\" width=\"500\" height=\"238\" class=\"wp-image-663\" style=\"width: 500px;\" src=\"https:\/\/nosafco.com\/wp-content\/uploads\/2022\/10\/Dealing-Policy.jpg\" alt=\"\" srcset=\"https:\/\/nosafco.com\/wp-content\/uploads\/2022\/10\/Dealing-Policy.jpg 630w, https:\/\/nosafco.com\/wp-content\/uploads\/2022\/10\/Dealing-Policy-300x143.jpg 300w\" sizes=\"auto, (max-width: 500px) 100vw, 500px\" \/><\/p>\n\n\n\n<p class=\"has-text-align-left\">Nosafco tient \u00e0 une politique claire et pratique de traitement avec les clients pour atteindre la s\u00e9curit\u00e9 au travail de la meilleure fa\u00e7on possible, nous avertissons donc la n\u00e9cessit\u00e9 de respecter les instructions suivantes\u00a0:<br>1- Lorsqu&#8217;un client commande un produit sp\u00e9cifique, les sp\u00e9cifications exactes, la quantit\u00e9 et la destination doivent \u00eatre sp\u00e9cifi\u00e9es.<br>2- Envoi d&#8217;une demande officielle indiquant tous les d\u00e9tails du client tels que l&#8217;adresse et les m\u00e9thodes de contact, ainsi que les d\u00e9tails du produit.<br>3- Nosafco remettra au client un devis indiquant les frais et le mode de paiement.<br>4- La soci\u00e9t\u00e9 Nosafco adopte les bons modes de paiement par les moyens bancaires disponibles et selon les accords conclus.<br>5- Dans tous les cas, Nusafco garantit \u00e0 tous les clients leurs droits pleins et entiers, et dans la m\u00eame mesure, Nusafco ne tol\u00e8re pas d&#8217;obtenir tous ses droits, pleinement et sans compromis.<br>6- Afin de faire gagner du temps \u00e0 chacune des parties, Nosafco souhaite que l&#8217;ensemble de ses clients ne soumette aucune demande qui ne soit pas pr\u00eate \u00e0 \u00eatre mise en \u0153uvre.<\/p>\n","protected":false},"excerpt":{"rendered":"<p>Nosafco tient \u00e0 une politique claire et pratique de traitement avec les clients pour atteindre la s\u00e9curit\u00e9 au travail de la meilleure fa\u00e7on possible, nous avertissons donc la n\u00e9cessit\u00e9 de respecter les instructions suivantes\u00a0:1- Lorsqu&#8217;un client commande un produit sp\u00e9cifique, les sp\u00e9cifications exactes, la quantit\u00e9 et la destination doivent \u00eatre sp\u00e9cifi\u00e9es.2- Envoi d&#8217;une demande officielle [&hellip;]<\/p>\n","protected":false},"author":1,"featured_media":0,"parent":0,"menu_order":0,"comment_status":"closed","ping_status":"closed","template":"","meta":{"footnotes":""},"class_list":["post-657","page","type-page","status-publish","hentry"],"_links":{"self":[{"href":"https:\/\/nosafco.com\/index.php?rest_route=\/wp\/v2\/pages\/657","targetHints":{"allow":["GET"]}}],"collection":[{"href":"https:\/\/nosafco.com\/index.php?rest_route=\/wp\/v2\/pages"}],"about":[{"href":"https:\/\/nosafco.com\/index.php?rest_route=\/wp\/v2\/types\/page"}],"author":[{"embeddable":true,"href":"https:\/\/nosafco.com\/index.php?rest_route=\/wp\/v2\/users\/1"}],"replies":[{"embeddable":true,"href":"https:\/\/nosafco.com\/index.php?rest_route=%2Fwp%2Fv2%2Fcomments&post=657"}],"version-history":[{"count":2,"href":"https:\/\/nosafco.com\/index.php?rest_route=\/wp\/v2\/pages\/657\/revisions"}],"predecessor-version":[{"id":668,"href":"https:\/\/nosafco.com\/index.php?rest_route=\/wp\/v2\/pages\/657\/revisions\/668"}],"wp:attachment":[{"href":"https:\/\/nosafco.com\/index.php?rest_route=%2Fwp%2Fv2%2Fmedia&parent=657"}],"curies":[{"name":"wp","href":"https:\/\/api.w.org\/{rel}","templated":true}]}}